{"id":17,"date":"2025-10-30T10:37:53","date_gmt":"2025-10-30T10:37:53","guid":{"rendered":"https:\/\/distrirota.pt\/?page_id=17"},"modified":"2026-01-21T12:09:28","modified_gmt":"2026-01-21T12:09:28","slug":"informacoes","status":"publish","type":"page","link":"https:\/\/distrirota.pt\/en\/informacoes\/","title":{"rendered":"Informations"},"content":{"rendered":"<div data-elementor-type=\"wp-page\" data-elementor-id=\"17\" class=\"elementor elementor-17\" data-elementor-post-type=\"page\">\n\t\t\t\t<div class=\"elementor-element elementor-element-189f38c e-flex e-con-boxed e-con e-parent\" data-id=\"189f38c\" data-element_type=\"container\" data-settings=\"{&quot;background_background&quot;:&quot;classic&quot;}\">\n\t\t\t\t\t<div class=\"e-con-inner\">\n\t\t<div class=\"elementor-element elementor-element-2326aee e-con-full e-flex e-con e-child\" data-id=\"2326aee\" data-element_type=\"container\" data-settings=\"{&quot;background_background&quot;:&quot;classic&quot;}\">\n\t\t\t\t<div class=\"elementor-element elementor-element-58b2c0c elementor-widget elementor-widget-heading\" data-id=\"58b2c0c\" data-element_type=\"widget\" data-widget_type=\"heading.default\">\n\t\t\t\t\t<h2 class=\"elementor-heading-title elementor-size-default\">Informations<\/h2>\t\t\t\t<\/div>\n\t\t\t\t<div class=\"elementor-element elementor-element-dc9be14 elementor-widget elementor-widget-heading\" data-id=\"dc9be14\" data-element_type=\"widget\" data-widget_type=\"heading.default\">\n\t\t\t\t\t<h2 class=\"elementor-heading-title elementor-size-default\">B2B food distributor in Faial<\/h2>\t\t\t\t<\/div>\n\t\t\t\t<\/div>\n\t\t\t\t\t<\/div>\n\t\t\t\t<\/div>\n\t\t<div class=\"elementor-element elementor-element-61edaab e-con-full e-flex e-con e-parent\" data-id=\"61edaab\" data-element_type=\"container\">\n\t\t<div class=\"elementor-element elementor-element-1a8639f e-con-full e-flex e-con e-child\" data-id=\"1a8639f\" data-element_type=\"container\" data-settings=\"{&quot;background_background&quot;:&quot;classic&quot;}\">\n\t\t<div class=\"elementor-element elementor-element-91c630e e-con-full e-flex e-con e-child\" data-id=\"91c630e\" data-element_type=\"container\">\n\t\t<div class=\"elementor-element elementor-element-66e09c0 e-con-full e-flex e-con e-child\" data-id=\"66e09c0\" data-element_type=\"container\">\n\t\t\t\t<div class=\"elementor-element elementor-element-fb4e0a4 elementor-widget elementor-widget-text-editor\" data-id=\"fb4e0a4\" data-element_type=\"widget\" data-widget_type=\"text-editor.default\">\n\t\t\t\t\t\t\t\t\t<p>Monday<\/p>\t\t\t\t\t\t\t\t<\/div>\n\t\t\t\t<div class=\"elementor-element elementor-element-998ab4b elementor-widget elementor-widget-text-editor\" data-id=\"998ab4b\" data-element_type=\"widget\" data-widget_type=\"text-editor.default\">\n\t\t\t\t\t\t\t\t\t<p>09:00 &#8211; 18:00<\/p>\t\t\t\t\t\t\t\t<\/div>\n\t\t\t\t<\/div>\n\t\t<div class=\"elementor-element elementor-element-8f9e6fe e-con-full e-flex e-con e-child\" data-id=\"8f9e6fe\" data-element_type=\"container\">\n\t\t\t\t<div class=\"elementor-element elementor-element-4d0d4ba elementor-widget elementor-widget-text-editor\" data-id=\"4d0d4ba\" data-element_type=\"widget\" data-widget_type=\"text-editor.default\">\n\t\t\t\t\t\t\t\t\t<p>Tuesday<\/p>\t\t\t\t\t\t\t\t<\/div>\n\t\t\t\t<div class=\"elementor-element elementor-element-78134b7 elementor-widget elementor-widget-text-editor\" data-id=\"78134b7\" data-element_type=\"widget\" data-widget_type=\"text-editor.default\">\n\t\t\t\t\t\t\t\t\t<p>09:00 &#8211; 18:00<\/p>\t\t\t\t\t\t\t\t<\/div>\n\t\t\t\t<\/div>\n\t\t<div class=\"elementor-element elementor-element-59ab798 e-con-full e-flex e-con e-child\" data-id=\"59ab798\" data-element_type=\"container\">\n\t\t\t\t<div class=\"elementor-element elementor-element-f6f8f3d elementor-widget elementor-widget-text-editor\" data-id=\"f6f8f3d\" data-element_type=\"widget\" data-widget_type=\"text-editor.default\">\n\t\t\t\t\t\t\t\t\t<p>Wednesday<\/p>\t\t\t\t\t\t\t\t<\/div>\n\t\t\t\t<div class=\"elementor-element elementor-element-f93882a elementor-widget elementor-widget-text-editor\" data-id=\"f93882a\" data-element_type=\"widget\" data-widget_type=\"text-editor.default\">\n\t\t\t\t\t\t\t\t\t<p>09:00 &#8211; 18:00<\/p>\t\t\t\t\t\t\t\t<\/div>\n\t\t\t\t<\/div>\n\t\t<div class=\"elementor-element elementor-element-662b647 e-con-full e-flex e-con e-child\" data-id=\"662b647\" data-element_type=\"container\">\n\t\t\t\t<div class=\"elementor-element elementor-element-b3572fe elementor-widget elementor-widget-text-editor\" data-id=\"b3572fe\" data-element_type=\"widget\" data-widget_type=\"text-editor.default\">\n\t\t\t\t\t\t\t\t\t<p>Thursday<\/p>\t\t\t\t\t\t\t\t<\/div>\n\t\t\t\t<div class=\"elementor-element elementor-element-d73eaa0 elementor-widget elementor-widget-text-editor\" data-id=\"d73eaa0\" data-element_type=\"widget\" data-widget_type=\"text-editor.default\">\n\t\t\t\t\t\t\t\t\t<p>09:00 &#8211; 18:00<\/p>\t\t\t\t\t\t\t\t<\/div>\n\t\t\t\t<\/div>\n\t\t<div class=\"elementor-element elementor-element-c0424a3 e-con-full e-flex e-con e-child\" data-id=\"c0424a3\" data-element_type=\"container\">\n\t\t\t\t<div class=\"elementor-element elementor-element-03ad625 elementor-widget elementor-widget-text-editor\" data-id=\"03ad625\" data-element_type=\"widget\" data-widget_type=\"text-editor.default\">\n\t\t\t\t\t\t\t\t\t<p>Friday<\/p>\t\t\t\t\t\t\t\t<\/div>\n\t\t\t\t<div class=\"elementor-element elementor-element-d54e9a2 elementor-widget elementor-widget-text-editor\" data-id=\"d54e9a2\" data-element_type=\"widget\" data-widget_type=\"text-editor.default\">\n\t\t\t\t\t\t\t\t\t<p>09:00 &#8211; 18:00<\/p>\t\t\t\t\t\t\t\t<\/div>\n\t\t\t\t<\/div>\n\t\t<div class=\"elementor-element elementor-element-93caa8c e-con-full e-flex e-con e-child\" data-id=\"93caa8c\" data-element_type=\"container\">\n\t\t\t\t<div class=\"elementor-element elementor-element-6d79796 elementor-widget elementor-widget-text-editor\" data-id=\"6d79796\" data-element_type=\"widget\" data-widget_type=\"text-editor.default\">\n\t\t\t\t\t\t\t\t\t<p>Saturday<\/p>\t\t\t\t\t\t\t\t<\/div>\n\t\t\t\t<div class=\"elementor-element elementor-element-21b279b elementor-widget elementor-widget-text-editor\" data-id=\"21b279b\" data-element_type=\"widget\" data-widget_type=\"text-editor.default\">\n\t\t\t\t\t\t\t\t\t<p>09:00 &#8211; 13:00<\/p>\t\t\t\t\t\t\t\t<\/div>\n\t\t\t\t<\/div>\n\t\t<div class=\"elementor-element elementor-element-ac241ec e-con-full e-flex e-con e-child\" data-id=\"ac241ec\" data-element_type=\"container\">\n\t\t\t\t<div class=\"elementor-element elementor-element-d152c26 elementor-widget elementor-widget-text-editor\" data-id=\"d152c26\" data-element_type=\"widget\" data-widget_type=\"text-editor.default\">\n\t\t\t\t\t\t\t\t\t<p>Monday<\/p>\t\t\t\t\t\t\t\t<\/div>\n\t\t\t\t<div class=\"elementor-element elementor-element-2f5006a elementor-widget elementor-widget-text-editor\" data-id=\"2f5006a\" data-element_type=\"widget\" data-widget_type=\"text-editor.default\">\n\t\t\t\t\t\t\t\t\t<p>Closed<\/p>\t\t\t\t\t\t\t\t<\/div>\n\t\t\t\t<\/div>\n\t\t\t\t<\/div>\n\t\t\t\t<\/div>\n\t\t<div class=\"elementor-element elementor-element-045262f e-con-full e-flex e-con e-child\" data-id=\"045262f\" data-element_type=\"container\">\n\t\t<div class=\"elementor-element elementor-element-9a30bbf e-con-full e-flex e-con e-child\" data-id=\"9a30bbf\" data-element_type=\"container\">\n\t\t\t\t<div class=\"elementor-element elementor-element-b88b45c elementor-widget elementor-widget-text-editor\" data-id=\"b88b45c\" data-element_type=\"widget\" data-widget_type=\"text-editor.default\">\n\t\t\t\t\t\t\t\t\t<p>B2B (business-to-business) food distributor, with local stock, reliable deliveries and HACCP certification, guaranteeing quality and efficiency in supplying commercial establishments on Faial Island.<\/p>\t\t\t\t\t\t\t\t<\/div>\n\t\t\t\t<\/div>\n\t\t\t\t<\/div>\n\t\t\t\t<\/div>\n\t\t\t\t<\/div>","protected":false},"excerpt":{"rendered":"<p>Informa\u00e7\u00f5es Distribuidor alimentar B2B no Faial Segunda-feira 09:00 &#8211; 18:00 Ter\u00e7a-feira 09:00 &#8211; 18:00 Quarta-feira 09:00 &#8211; 18:00 Quinta-feira 09:00 &#8211; 18:00 Sexta-feira 09:00 &#8211; 18:00 S\u00e1bado 09:00 &#8211; 13:00 Domingo Encerrado Distribuidor alimentar B2B (business-to-business), com stock local, entregas fi\u00e1veis e certifica\u00e7\u00e3o HACCP, garantindo qualidade e efici\u00eancia no abastecimento de estabelecimentos comerciais na ilha [&hellip;]<\/p>","protected":false},"author":1,"featured_media":0,"parent":0,"menu_order":0,"comment_status":"closed","ping_status":"closed","template":"","meta":{"footnotes":""},"class_list":["post-17","page","type-page","status-publish","hentry"],"yoast_head":"<!-- This site is optimized with the Yoast SEO Premium plugin v21.3 (Yoast SEO v21.3) - https:\/\/yoast.com\/wordpress\/plugins\/seo\/ -->\n<title>Informa\u00e7\u00f5es - Distrirota<\/title>\n<meta name=\"robots\" content=\"index, follow, max-snippet:-1, max-image-preview:large, max-video-preview:-1\" \/>\n<link rel=\"canonical\" href=\"https:\/\/distrirota.pt\/en\/informacoes\/\" \/>\n<meta property=\"og:locale\" content=\"en_GB\" \/>\n<meta property=\"og:type\" content=\"article\" \/>\n<meta property=\"og:title\" content=\"Informa\u00e7\u00f5es\" \/>\n<meta property=\"og:description\" content=\"Informa\u00e7\u00f5es Distribuidor alimentar B2B no Faial Segunda-feira 09:00 &#8211; 18:00 Ter\u00e7a-feira 09:00 &#8211; 18:00 Quarta-feira 09:00 &#8211; 18:00 Quinta-feira 09:00 &#8211; 18:00 Sexta-feira 09:00 &#8211; 18:00 S\u00e1bado 09:00 &#8211; 13:00 Domingo Encerrado Distribuidor alimentar B2B (business-to-business), com stock local, entregas fi\u00e1veis e certifica\u00e7\u00e3o HACCP, garantindo qualidade e efici\u00eancia no abastecimento de estabelecimentos comerciais na ilha [&hellip;]\" \/>\n<meta property=\"og:url\" content=\"https:\/\/distrirota.pt\/en\/informacoes\/\" \/>\n<meta property=\"og:site_name\" content=\"Distrirota\" \/>\n<meta property=\"article:modified_time\" content=\"2026-01-21T12:09:28+00:00\" \/>\n<meta name=\"twitter:card\" content=\"summary_large_image\" \/>\n<script type=\"application\/ld+json\" class=\"yoast-schema-graph\">{\"@context\":\"https:\/\/schema.org\",\"@graph\":[{\"@type\":\"WebPage\",\"@id\":\"https:\/\/distrirota.pt\/informacoes\/\",\"url\":\"https:\/\/distrirota.pt\/informacoes\/\",\"name\":\"Informa\u00e7\u00f5es - Distrirota\",\"isPartOf\":{\"@id\":\"https:\/\/distrirota.pt\/#website\"},\"datePublished\":\"2025-10-30T10:37:53+00:00\",\"dateModified\":\"2026-01-21T12:09:28+00:00\",\"breadcrumb\":{\"@id\":\"https:\/\/distrirota.pt\/informacoes\/#breadcrumb\"},\"inLanguage\":\"en-GB\",\"potentialAction\":[{\"@type\":\"ReadAction\",\"target\":[\"https:\/\/distrirota.pt\/informacoes\/\"]}]},{\"@type\":\"BreadcrumbList\",\"@id\":\"https:\/\/distrirota.pt\/informacoes\/#breadcrumb\",\"itemListElement\":[{\"@type\":\"ListItem\",\"position\":1,\"name\":\"Home\",\"item\":\"https:\/\/distrirota.pt\/\"},{\"@type\":\"ListItem\",\"position\":2,\"name\":\"Informa\u00e7\u00f5es\"}]},{\"@type\":\"WebSite\",\"@id\":\"https:\/\/distrirota.pt\/#website\",\"url\":\"https:\/\/distrirota.pt\/\",\"name\":\"Distrirota\",\"description\":\"Distribuidor Alimentar do Faial\",\"publisher\":{\"@id\":\"https:\/\/distrirota.pt\/#organization\"},\"potentialAction\":[{\"@type\":\"SearchAction\",\"target\":{\"@type\":\"EntryPoint\",\"urlTemplate\":\"https:\/\/distrirota.pt\/?s={search_term_string}\"},\"query-input\":\"required name=search_term_string\"}],\"inLanguage\":\"en-GB\"},{\"@type\":\"Organization\",\"@id\":\"https:\/\/distrirota.pt\/#organization\",\"name\":\"Distrirota - Distribui\u00e7\u00e3o Alimentar, Lda\",\"alternateName\":\"Distrirota\",\"url\":\"https:\/\/distrirota.pt\/\",\"logo\":{\"@type\":\"ImageObject\",\"inLanguage\":\"en-GB\",\"@id\":\"https:\/\/distrirota.pt\/#\/schema\/logo\/image\/\",\"url\":\"https:\/\/distrirota.pt\/wp-content\/uploads\/2025\/10\/Group-300.svg\",\"contentUrl\":\"https:\/\/distrirota.pt\/wp-content\/uploads\/2025\/10\/Group-300.svg\",\"width\":1258,\"height\":325,\"caption\":\"Distrirota - Distribui\u00e7\u00e3o Alimentar, Lda\"},\"image\":{\"@id\":\"https:\/\/distrirota.pt\/#\/schema\/logo\/image\/\"}}]}<\/script>\n<!-- \/ Yoast SEO Premium plugin. -->","yoast_head_json":{"title":"Informa\u00e7\u00f5es - Distrirota","robots":{"index":"index","follow":"follow","max-snippet":"max-snippet:-1","max-image-preview":"max-image-preview:large","max-video-preview":"max-video-preview:-1"},"canonical":"https:\/\/distrirota.pt\/en\/informacoes\/","og_locale":"en_GB","og_type":"article","og_title":"Informa\u00e7\u00f5es","og_description":"Informa\u00e7\u00f5es Distribuidor alimentar B2B no Faial Segunda-feira 09:00 &#8211; 18:00 Ter\u00e7a-feira 09:00 &#8211; 18:00 Quarta-feira 09:00 &#8211; 18:00 Quinta-feira 09:00 &#8211; 18:00 Sexta-feira 09:00 &#8211; 18:00 S\u00e1bado 09:00 &#8211; 13:00 Domingo Encerrado Distribuidor alimentar B2B (business-to-business), com stock local, entregas fi\u00e1veis e certifica\u00e7\u00e3o HACCP, garantindo qualidade e efici\u00eancia no abastecimento de estabelecimentos comerciais na ilha [&hellip;]","og_url":"https:\/\/distrirota.pt\/en\/informacoes\/","og_site_name":"Distrirota","article_modified_time":"2026-01-21T12:09:28+00:00","twitter_card":"summary_large_image","schema":{"@context":"https:\/\/schema.org","@graph":[{"@type":"WebPage","@id":"https:\/\/distrirota.pt\/informacoes\/","url":"https:\/\/distrirota.pt\/informacoes\/","name":"Informa\u00e7\u00f5es - Distrirota","isPartOf":{"@id":"https:\/\/distrirota.pt\/#website"},"datePublished":"2025-10-30T10:37:53+00:00","dateModified":"2026-01-21T12:09:28+00:00","breadcrumb":{"@id":"https:\/\/distrirota.pt\/informacoes\/#breadcrumb"},"inLanguage":"en-GB","potentialAction":[{"@type":"ReadAction","target":["https:\/\/distrirota.pt\/informacoes\/"]}]},{"@type":"BreadcrumbList","@id":"https:\/\/distrirota.pt\/informacoes\/#breadcrumb","itemListElement":[{"@type":"ListItem","position":1,"name":"Home","item":"https:\/\/distrirota.pt\/"},{"@type":"ListItem","position":2,"name":"Informa\u00e7\u00f5es"}]},{"@type":"WebSite","@id":"https:\/\/distrirota.pt\/#website","url":"https:\/\/distrirota.pt\/","name":"Distrirota","description":"Distribuidor Alimentar do Faial","publisher":{"@id":"https:\/\/distrirota.pt\/#organization"},"potentialAction":[{"@type":"SearchAction","target":{"@type":"EntryPoint","urlTemplate":"https:\/\/distrirota.pt\/?s={search_term_string}"},"query-input":"required name=search_term_string"}],"inLanguage":"en-GB"},{"@type":"Organization","@id":"https:\/\/distrirota.pt\/#organization","name":"Distrirota - Distribui\u00e7\u00e3o Alimentar, Lda","alternateName":"Distrirota","url":"https:\/\/distrirota.pt\/","logo":{"@type":"ImageObject","inLanguage":"en-GB","@id":"https:\/\/distrirota.pt\/#\/schema\/logo\/image\/","url":"https:\/\/distrirota.pt\/wp-content\/uploads\/2025\/10\/Group-300.svg","contentUrl":"https:\/\/distrirota.pt\/wp-content\/uploads\/2025\/10\/Group-300.svg","width":1258,"height":325,"caption":"Distrirota - Distribui\u00e7\u00e3o Alimentar, Lda"},"image":{"@id":"https:\/\/distrirota.pt\/#\/schema\/logo\/image\/"}}]}},"_links":{"self":[{"href":"https:\/\/distrirota.pt\/en\/wp-json\/wp\/v2\/pages\/17","targetHints":{"allow":["GET"]}}],"collection":[{"href":"https:\/\/distrirota.pt\/en\/wp-json\/wp\/v2\/pages"}],"about":[{"href":"https:\/\/distrirota.pt\/en\/wp-json\/wp\/v2\/types\/page"}],"author":[{"embeddable":true,"href":"https:\/\/distrirota.pt\/en\/wp-json\/wp\/v2\/users\/1"}],"replies":[{"embeddable":true,"href":"https:\/\/distrirota.pt\/en\/wp-json\/wp\/v2\/comments?post=17"}],"version-history":[{"count":8,"href":"https:\/\/distrirota.pt\/en\/wp-json\/wp\/v2\/pages\/17\/revisions"}],"predecessor-version":[{"id":298,"href":"https:\/\/distrirota.pt\/en\/wp-json\/wp\/v2\/pages\/17\/revisions\/298"}],"wp:attachment":[{"href":"https:\/\/distrirota.pt\/en\/wp-json\/wp\/v2\/media?parent=17"}],"curies":[{"name":"wp","href":"https:\/\/api.w.org\/{rel}","templated":true}]}}